{"id":5035,"date":"2014-11-25T18:04:37","date_gmt":"2014-11-25T18:04:37","guid":{"rendered":"http:\/\/demo.mekshq.com\/voice\/?page_id=207"},"modified":"2023-02-22T09:11:04","modified_gmt":"2023-02-22T09:11:04","slug":"home","status":"publish","type":"page","link":"https:\/\/www.magicelites.com\/blog-magicien\/","title":{"rendered":"Home"},"content":{"rendered":"","protected":false},"excerpt":{"rendered":"","protected":false},"author":1,"featured_media":0,"parent":0,"menu_order":0,"comment_status":"closed","ping_status":"closed","template":"template-modules.php","meta":{"footnotes":""},"yoast_head":"<!-- This site is optimized with the Yoast SEO plugin v22.2 - https:\/\/yoast.com\/wordpress\/plugins\/seo\/ -->\n<title>Blog de Magie : Actualit\u00e9 et Magiciens C\u00e9l\u00e8bres - Magic Elites<\/title>\n<meta name=\"description\" content=\"Vous cherchez des actualit\u00e9s sur la magie ? D\u00e9couvrez le blog de Magic Elites pour d\u00e9couvrir toutes les nouveaut\u00e9s sur la magie...\" \/>\n<meta name=\"robots\" content=\"index, follow, max-snippet:-1, max-image-preview:large, max-video-preview:-1\" \/>\n<link rel=\"canonical\" href=\"https:\/\/www.magicelites.com\/blog-magicien\/\" \/>\n<meta property=\"og:locale\" content=\"fr_FR\" \/>\n<meta property=\"og:type\" content=\"article\" \/>\n<meta property=\"og:title\" content=\"Blog de Magie : Actualit\u00e9 et Magiciens C\u00e9l\u00e8bres - Magic Elites\" \/>\n<meta property=\"og:description\" content=\"Vous cherchez des actualit\u00e9s sur la magie ? D\u00e9couvrez le blog de Magic Elites pour d\u00e9couvrir toutes les nouveaut\u00e9s sur la magie...\" \/>\n<meta property=\"og:url\" content=\"https:\/\/www.magicelites.com\/blog-magicien\/\" \/>\n<meta property=\"og:site_name\" content=\"Blog de magie\" \/>\n<meta property=\"article:modified_time\" content=\"2023-02-22T09:11:04+00:00\" \/>\n<script type=\"application\/ld+json\" class=\"yoast-schema-graph\">{\"@context\":\"https:\/\/schema.org\",\"@graph\":[{\"@type\":\"WebPage\",\"@id\":\"https:\/\/www.magicelites.com\/blog-magicien\/\",\"url\":\"https:\/\/www.magicelites.com\/blog-magicien\/\",\"name\":\"Blog de Magie : Actualit\u00e9 et Magiciens C\u00e9l\u00e8bres - Magic Elites\",\"isPartOf\":{\"@id\":\"https:\/\/www.magicelites.com\/blog-magicien\/#website\"},\"datePublished\":\"2014-11-25T18:04:37+00:00\",\"dateModified\":\"2023-02-22T09:11:04+00:00\",\"description\":\"Vous cherchez des actualit\u00e9s sur la magie ? D\u00e9couvrez le blog de Magic Elites pour d\u00e9couvrir toutes les nouveaut\u00e9s sur la magie...\",\"breadcrumb\":{\"@id\":\"https:\/\/www.magicelites.com\/blog-magicien\/#breadcrumb\"},\"inLanguage\":\"fr-FR\",\"potentialAction\":[{\"@type\":\"ReadAction\",\"target\":[\"https:\/\/www.magicelites.com\/blog-magicien\/\"]}]},{\"@type\":\"BreadcrumbList\",\"@id\":\"https:\/\/www.magicelites.com\/blog-magicien\/#breadcrumb\",\"itemListElement\":[{\"@type\":\"ListItem\",\"position\":1,\"name\":\"Accueil\",\"item\":\"https:\/\/www.magicelites.com\/blog-magicien\/\"},{\"@type\":\"ListItem\",\"position\":2,\"name\":\"Home\"}]},{\"@type\":\"WebSite\",\"@id\":\"https:\/\/www.magicelites.com\/blog-magicien\/#website\",\"url\":\"https:\/\/www.magicelites.com\/blog-magicien\/\",\"name\":\"Blog de magie\",\"description\":\"Apprendre la Magie &amp; Magiciens C\u00e9l\u00e8bres\",\"potentialAction\":[{\"@type\":\"SearchAction\",\"target\":{\"@type\":\"EntryPoint\",\"urlTemplate\":\"https:\/\/www.magicelites.com\/blog-magicien\/?s={search_term_string}\"},\"query-input\":\"required name=search_term_string\"}],\"inLanguage\":\"fr-FR\"}]}<\/script>\n<!-- \/ Yoast SEO plugin. -->","yoast_head_json":{"title":"Blog de Magie : Actualit\u00e9 et Magiciens C\u00e9l\u00e8bres - Magic Elites","description":"Vous cherchez des actualit\u00e9s sur la magie ? D\u00e9couvrez le blog de Magic Elites pour d\u00e9couvrir toutes les nouveaut\u00e9s sur la magie...","robots":{"index":"index","follow":"follow","max-snippet":"max-snippet:-1","max-image-preview":"max-image-preview:large","max-video-preview":"max-video-preview:-1"},"canonical":"https:\/\/www.magicelites.com\/blog-magicien\/","og_locale":"fr_FR","og_type":"article","og_title":"Blog de Magie : Actualit\u00e9 et Magiciens C\u00e9l\u00e8bres - Magic Elites","og_description":"Vous cherchez des actualit\u00e9s sur la magie ? D\u00e9couvrez le blog de Magic Elites pour d\u00e9couvrir toutes les nouveaut\u00e9s sur la magie...","og_url":"https:\/\/www.magicelites.com\/blog-magicien\/","og_site_name":"Blog de magie","article_modified_time":"2023-02-22T09:11:04+00:00","schema":{"@context":"https:\/\/schema.org","@graph":[{"@type":"WebPage","@id":"https:\/\/www.magicelites.com\/blog-magicien\/","url":"https:\/\/www.magicelites.com\/blog-magicien\/","name":"Blog de Magie : Actualit\u00e9 et Magiciens C\u00e9l\u00e8bres - Magic Elites","isPartOf":{"@id":"https:\/\/www.magicelites.com\/blog-magicien\/#website"},"datePublished":"2014-11-25T18:04:37+00:00","dateModified":"2023-02-22T09:11:04+00:00","description":"Vous cherchez des actualit\u00e9s sur la magie ? D\u00e9couvrez le blog de Magic Elites pour d\u00e9couvrir toutes les nouveaut\u00e9s sur la magie...","breadcrumb":{"@id":"https:\/\/www.magicelites.com\/blog-magicien\/#breadcrumb"},"inLanguage":"fr-FR","potentialAction":[{"@type":"ReadAction","target":["https:\/\/www.magicelites.com\/blog-magicien\/"]}]},{"@type":"BreadcrumbList","@id":"https:\/\/www.magicelites.com\/blog-magicien\/#breadcrumb","itemListElement":[{"@type":"ListItem","position":1,"name":"Accueil","item":"https:\/\/www.magicelites.com\/blog-magicien\/"},{"@type":"ListItem","position":2,"name":"Home"}]},{"@type":"WebSite","@id":"https:\/\/www.magicelites.com\/blog-magicien\/#website","url":"https:\/\/www.magicelites.com\/blog-magicien\/","name":"Blog de magie","description":"Apprendre la Magie &amp; Magiciens C\u00e9l\u00e8bres","potentialAction":[{"@type":"SearchAction","target":{"@type":"EntryPoint","urlTemplate":"https:\/\/www.magicelites.com\/blog-magicien\/?s={search_term_string}"},"query-input":"required name=search_term_string"}],"inLanguage":"fr-FR"}]}},"_links":{"self":[{"href":"https:\/\/www.magicelites.com\/blog-magicien\/wp-json\/wp\/v2\/pages\/5035"}],"collection":[{"href":"https:\/\/www.magicelites.com\/blog-magicien\/wp-json\/wp\/v2\/pages"}],"about":[{"href":"https:\/\/www.magicelites.com\/blog-magicien\/wp-json\/wp\/v2\/types\/page"}],"author":[{"embeddable":true,"href":"https:\/\/www.magicelites.com\/blog-magicien\/wp-json\/wp\/v2\/users\/1"}],"replies":[{"embeddable":true,"href":"https:\/\/www.magicelites.com\/blog-magicien\/wp-json\/wp\/v2\/comments?post=5035"}],"version-history":[{"count":1,"href":"https:\/\/www.magicelites.com\/blog-magicien\/wp-json\/wp\/v2\/pages\/5035\/revisions"}],"predecessor-version":[{"id":5091,"href":"https:\/\/www.magicelites.com\/blog-magicien\/wp-json\/wp\/v2\/pages\/5035\/revisions\/5091"}],"wp:attachment":[{"href":"https:\/\/www.magicelites.com\/blog-magicien\/wp-json\/wp\/v2\/media?parent=5035"}],"curies":[{"name":"wp","href":"https:\/\/api.w.org\/{rel}","templated":true}]}}